{"id":4312,"date":"2026-04-04T18:58:54","date_gmt":"2026-04-04T16:58:54","guid":{"rendered":"https:\/\/machupicchu.lat\/incapathperu\/?page_id=4312"},"modified":"2026-04-04T19:01:32","modified_gmt":"2026-04-04T17:01:32","slug":"politica-de-privacidad","status":"publish","type":"page","link":"https:\/\/machupicchu.lat\/incapathperu\/es\/politica-de-privacidad\/","title":{"rendered":"Pol\u00edtica de privacidad"},"content":{"rendered":"\t\t<div data-elementor-type=\"wp-post\" data-elementor-id=\"4312\" class=\"elementor elementor-4312\" data-elementor-post-type=\"page\">\n\t\t\t\t<div class=\"elementor-element elementor-element-a9f8649 e-flex e-con-boxed wpr-particle-no wpr-jarallax-no wpr-parallax-no wpr-sticky-section-no e-con e-parent\" data-id=\"a9f8649\" data-element_type=\"container\" data-e-type=\"container\">\n\t\t\t\t\t<div class=\"e-con-inner\">\n\t\t<div class=\"elementor-element elementor-element-5bf4b2a e-con-full e-flex wpr-particle-no wpr-jarallax-no wpr-parallax-no wpr-sticky-section-no e-con e-child\" data-id=\"5bf4b2a\" data-element_type=\"container\" data-e-type=\"container\">\n\t\t\t\t<div class=\"elementor-element elementor-element-8c2f152 elementor-widget elementor-widget-heading\" data-id=\"8c2f152\" data-element_type=\"widget\" data-e-type=\"widget\" data-widget_type=\"heading.default\">\n\t\t\t\t<div class=\"elementor-widget-container\">\n\t\t\t\t\t<h1 class=\"elementor-heading-title elementor-size-default\">Pol\u00edtica de privacidad<\/h1>\t\t\t\t<\/div>\n\t\t\t\t<\/div>\n\t\t\t\t<div class=\"elementor-element elementor-element-62a6292 elementor-widget elementor-widget-text-editor\" data-id=\"62a6292\" data-element_type=\"widget\" data-e-type=\"widget\" data-widget_type=\"text-editor.default\">\n\t\t\t\t<div class=\"elementor-widget-container\">\n\t\t\t\t\t\t\t\t\t<h3>Qui\u00e9nes somos<\/h3> <p>Nuestra direcci\u00f3n web es: https:\/\/incapathperu.com<\/p> <h3>Qu\u00e9 datos personales recopilamos y por qu\u00e9 los recopilamos<\/h3> <h4>Comentarios<\/h4> <p>Cuando los visitantes dejan comentarios en el sitio, recopilamos los datos que se muestran en el formulario de comentarios, as\u00ed como la direcci\u00f3n IP del visitante y la cadena de agente de usuario del navegador para ayudar en la detecci\u00f3n de spam.<\/p> <p>Una cadena anonimizada creada a partir de tu direcci\u00f3n de correo electr\u00f3nico (tambi\u00e9n llamada hash) puede ser proporcionada al servicio Gravatar para ver si lo est\u00e1s utilizando. La pol\u00edtica de privacidad de Gravatar est\u00e1 disponible aqu\u00ed: https:\/\/automattic.com\/privacy\/. Despu\u00e9s de la aprobaci\u00f3n de tu comentario, tu foto de perfil ser\u00e1 visible al p\u00fablico en el contexto de tu comentario.<\/p> <h4>Medios<\/h4> <p>Si subes im\u00e1genes al sitio web, debes evitar subir im\u00e1genes con datos de ubicaci\u00f3n incrustados (EXIF GPS). Los visitantes del sitio web pueden descargar y extraer cualquier dato de ubicaci\u00f3n de las im\u00e1genes del sitio.<\/p> <h3>Formularios de contacto<\/h3> <h4>Cookies<\/h4> <p>Si dejas un comentario en nuestro sitio, puedes optar por guardar tu nombre, direcci\u00f3n de correo electr\u00f3nico y sitio web en cookies. Esto es para tu comodidad, para que no tengas que volver a completar tus datos cuando dejes otro comentario. Estas cookies tendr\u00e1n una duraci\u00f3n de un a\u00f1o.<\/p> <p>Si visitas nuestra p\u00e1gina de inicio de sesi\u00f3n, configuraremos una cookie temporal para determinar si tu navegador acepta cookies. Esta cookie no contiene datos personales y se elimina al cerrar el navegador.<\/p> <p>Cuando inicias sesi\u00f3n, tambi\u00e9n configuraremos varias cookies para guardar tu informaci\u00f3n de inicio de sesi\u00f3n y tus preferencias de visualizaci\u00f3n en pantalla. Las cookies de inicio de sesi\u00f3n duran dos d\u00edas, y las cookies de opciones de pantalla duran un a\u00f1o. Si seleccionas \u00abRecordarme\u00bb, tu inicio de sesi\u00f3n se mantendr\u00e1 durante dos semanas. Si cierras sesi\u00f3n, las cookies de inicio de sesi\u00f3n se eliminar\u00e1n.<\/p> <p>Si editas o publicas un art\u00edculo, se guardar\u00e1 una cookie adicional en tu navegador. Esta cookie no incluye datos personales y simplemente indica el ID del art\u00edculo que acabas de editar. Caduca despu\u00e9s de 1 d\u00eda.<\/p> <h3>Contenido incrustado de otros sitios web<\/h3> <p>Los art\u00edculos en este sitio pueden incluir contenido incrustado (por ejemplo, videos, im\u00e1genes, art\u00edculos, etc.). El contenido incrustado de otros sitios web se comporta exactamente de la misma manera que si el visitante hubiera visitado el otro sitio web.<\/p> <p>Estos sitios web pueden recopilar datos sobre ti, usar cookies, incorporar seguimiento adicional de terceros y monitorear tu interacci\u00f3n con ese contenido incrustado, incluyendo el seguimiento de tu interacci\u00f3n si tienes una cuenta y est\u00e1s conectado a ese sitio web.<\/p> <h2>Anal\u00edtica:<\/h2> <h3>Con qui\u00e9n compartimos tus datos:<\/h3> <h4>Cu\u00e1nto tiempo conservamos tus datos:<\/h4> <p>Si dejas un comentario, el comentario y sus metadatos se conservan indefinidamente. Esto es para que podamos reconocer y aprobar autom\u00e1ticamente los comentarios posteriores en lugar de mantenerlos en una cola de moderaci\u00f3n.<\/p> <p>Para los usuarios que se registran en nuestro sitio web (si los hay), tambi\u00e9n almacenamos la informaci\u00f3n personal que proporcionan en su perfil de usuario. Todos los usuarios pueden ver, editar o eliminar su informaci\u00f3n personal en cualquier momento (excepto que no pueden cambiar su nombre de usuario). Los administradores del sitio web tambi\u00e9n pueden ver y editar esa informaci\u00f3n.<\/p> <h4>Qu\u00e9 derechos tienes sobre tus datos:<\/h4> <p>Si tienes una cuenta en este sitio o has dejado comentarios, puedes solicitar recibir un archivo exportado de los datos personales que tenemos sobre ti, incluyendo cualquier dato que nos hayas proporcionado. Tambi\u00e9n puedes solicitar que eliminemos cualquier dato personal que tengamos sobre ti. Esto no incluye los datos que estamos obligados a conservar por motivos administrativos, legales o de seguridad.<\/p> <h3>D\u00f3nde enviamos tus datos:<\/h3> <p>Los comentarios de los visitantes pueden ser revisados a trav\u00e9s de un servicio automatizado de detecci\u00f3n de spam.<\/p> <h3>Tu informaci\u00f3n de contacto:<\/h3> <h4><strong>C\u00f3mo protegemos tus datos:<\/strong><\/h4> <p>Estamos comprometidos con la protecci\u00f3n de tu informaci\u00f3n personal y hemos implementado diversas medidas de seguridad para garantizar la seguridad de tus datos. Nuestro sitio web utiliza protocolos cifrados para todas las transacciones en l\u00ednea, bases de datos seguras para almacenar informaci\u00f3n sensible y evaluaciones peri\u00f3dicas de ciberseguridad para identificar y mitigar vulnerabilidades. Adem\u00e1s, el acceso a los datos personales est\u00e1 estrictamente limitado al personal autorizado que debe cumplir con nuestras pol\u00edticas de confidencialidad.<\/p> <h4><strong>Procedimientos ante violaciones de datos:<\/strong><\/h4> <p>En caso de una violaci\u00f3n de datos, hemos establecido procedimientos para minimizar el da\u00f1o y proteger a nuestros usuarios. Esto incluye la identificaci\u00f3n e aislamiento inmediato de la brecha, la comunicaci\u00f3n con las personas afectadas y las autoridades regulatorias cuando sea necesario, y una investigaci\u00f3n exhaustiva para prevenir futuros incidentes. Estamos comprometidos con la transparencia y proporcionaremos actualizaciones oportunas durante el proceso de resoluci\u00f3n.<\/p> <h4><strong>Terceros de quienes recibimos datos:<\/strong><\/h4> <p>Nuestras operaciones pueden implicar compartir datos con proveedores de servicios de terceros que nos ayudan en diversas funciones, incluyendo alojamiento web, an\u00e1lisis de datos, procesamiento de pagos y asistencia en marketing. Nos aseguramos de que estos terceros sean confiables y mantengan est\u00e1ndares de protecci\u00f3n de datos similares a los nuestros. Tambi\u00e9n les exigimos que utilicen los datos exclusivamente para los fines para los cuales han sido contratados.<\/p> <h4><strong>Toma de decisiones automatizada y elaboraci\u00f3n de perfiles:<\/strong><\/h4> <p>No utilizamos procesos automatizados de toma de decisiones, incluida la elaboraci\u00f3n de perfiles, que tengan un efecto legal o significativo sobre ti basados \u00fanicamente en tus datos personales sin intervenci\u00f3n humana. Si en el futuro implementamos tales procesos, los usuarios ser\u00e1n notificados y, cuando sea necesario, se obtendr\u00e1 su consentimiento.<\/p> <h4><strong>Requisitos de divulgaci\u00f3n regulatoria del sector:<\/strong><\/h4> <p>Como operador tur\u00edstico, cumplimos con las regulaciones locales e internacionales del sector de viajes, incluyendo leyes de protecci\u00f3n de datos como el GDPR para nuestros clientes europeos. Somos transparentes respecto a cualquier divulgaci\u00f3n regulatoria que debamos realizar, incluyendo informes a entidades gubernamentales y organizaciones del sector cuando sea requerido.<\/p>\t\t\t\t\t\t\t\t<\/div>\n\t\t\t\t<\/div>\n\t\t\t\t<\/div>\n\t\t\t\t\t<\/div>\n\t\t\t\t<\/div>\n\t\t\t\t<\/div>\n\t\t","protected":false},"excerpt":{"rendered":"<p>Qui\u00e9nes somos Nuestra direcci\u00f3n web es: https:\/\/incapathperu.com Qu\u00e9 datos personales recopilamos y por qu\u00e9 los recopilamos Comentarios Cuando los visitantes dejan comentarios en el sitio, recopilamos los datos que se muestran en el formulario de comentarios, as\u00ed como la direcci\u00f3n IP del visitante y la cadena de agente de usuario del navegador para ayudar en la detecci\u00f3n de spam. Una cadena anonimizada creada a partir de tu direcci\u00f3n de correo electr\u00f3nico (tambi\u00e9n llamada hash) puede ser proporcionada al servicio Gravatar para ver si lo est\u00e1s utilizando. La pol\u00edtica de privacidad de Gravatar est\u00e1 disponible aqu\u00ed: https:\/\/automattic.com\/privacy\/. Despu\u00e9s de la aprobaci\u00f3n de tu comentario, tu foto de perfil ser\u00e1 visible al p\u00fablico en el contexto de tu comentario. Medios Si subes im\u00e1genes al sitio web, debes evitar subir im\u00e1genes con datos de ubicaci\u00f3n incrustados (EXIF GPS). Los visitantes del sitio web pueden descargar y extraer cualquier dato de ubicaci\u00f3n de las im\u00e1genes del sitio. Formularios de contacto Cookies Si dejas un comentario en nuestro sitio, puedes optar por guardar tu nombre, direcci\u00f3n de correo electr\u00f3nico y sitio web en cookies. Esto es para tu comodidad, para que no tengas que volver a completar tus datos cuando dejes otro comentario. Estas cookies tendr\u00e1n una duraci\u00f3n de un a\u00f1o. Si visitas nuestra p\u00e1gina de inicio de sesi\u00f3n, configuraremos una cookie temporal para determinar si tu navegador acepta cookies. Esta cookie no contiene datos personales y se elimina al cerrar el navegador. Cuando inicias sesi\u00f3n, tambi\u00e9n configuraremos varias cookies para guardar tu informaci\u00f3n de inicio de sesi\u00f3n y tus preferencias de visualizaci\u00f3n en pantalla. Las cookies de inicio de sesi\u00f3n duran dos d\u00edas, y las cookies de opciones de pantalla duran un a\u00f1o. Si seleccionas \u00abRecordarme\u00bb, tu inicio de sesi\u00f3n se mantendr\u00e1 durante dos semanas. Si cierras sesi\u00f3n, las cookies de inicio de sesi\u00f3n se eliminar\u00e1n. Si editas o publicas un art\u00edculo, se guardar\u00e1 una cookie adicional en tu navegador. Esta cookie no incluye datos personales y simplemente indica el ID del art\u00edculo que acabas de editar. Caduca despu\u00e9s de 1 d\u00eda. Contenido incrustado de otros sitios web Los art\u00edculos en este sitio pueden incluir contenido incrustado (por ejemplo, videos, im\u00e1genes, art\u00edculos, etc.). El contenido incrustado de otros sitios web se comporta exactamente de la misma manera que si el visitante hubiera visitado el otro sitio web. Estos sitios web pueden recopilar datos sobre ti, usar cookies, incorporar seguimiento adicional de terceros y monitorear tu interacci\u00f3n con ese contenido incrustado, incluyendo el seguimiento de tu interacci\u00f3n si tienes una cuenta y est\u00e1s conectado a ese sitio web. Anal\u00edtica: Con qui\u00e9n compartimos tus datos: Cu\u00e1nto tiempo conservamos tus datos: Si dejas un comentario, el comentario y sus metadatos se conservan indefinidamente. Esto es para que podamos reconocer y aprobar autom\u00e1ticamente los comentarios posteriores en lugar de mantenerlos en una cola de moderaci\u00f3n. Para los usuarios que se registran en nuestro sitio web (si los hay), tambi\u00e9n almacenamos la informaci\u00f3n personal que proporcionan en su perfil de usuario. Todos los usuarios pueden ver, editar o eliminar su informaci\u00f3n personal en cualquier momento (excepto que no pueden cambiar su nombre de usuario). Los administradores del sitio web tambi\u00e9n pueden ver y editar esa informaci\u00f3n. Qu\u00e9 derechos tienes sobre tus datos: Si tienes una cuenta en este sitio o has dejado comentarios, puedes solicitar recibir un archivo exportado de los datos personales que tenemos sobre ti, incluyendo cualquier dato que nos hayas proporcionado. Tambi\u00e9n puedes solicitar que eliminemos cualquier dato personal que tengamos sobre ti. Esto no incluye los datos que estamos obligados a conservar por motivos administrativos, legales o de seguridad. D\u00f3nde enviamos tus datos: Los comentarios de los visitantes pueden ser revisados a trav\u00e9s de un servicio automatizado de detecci\u00f3n de spam. Tu informaci\u00f3n de contacto: C\u00f3mo protegemos tus datos: Estamos comprometidos con la protecci\u00f3n de tu informaci\u00f3n personal y hemos implementado diversas medidas de seguridad para garantizar la seguridad de tus datos. Nuestro sitio web utiliza protocolos cifrados para todas las transacciones en l\u00ednea, bases de datos seguras para almacenar informaci\u00f3n sensible y evaluaciones peri\u00f3dicas de ciberseguridad para identificar y mitigar vulnerabilidades. Adem\u00e1s, el acceso a los datos personales est\u00e1 estrictamente limitado al personal autorizado que debe cumplir con nuestras pol\u00edticas de confidencialidad. Procedimientos ante violaciones de datos: En caso de una violaci\u00f3n de datos, hemos establecido procedimientos para minimizar el da\u00f1o y proteger a nuestros usuarios. Esto incluye la identificaci\u00f3n e aislamiento inmediato de la brecha, la comunicaci\u00f3n con las personas afectadas y las autoridades regulatorias cuando sea necesario, y una investigaci\u00f3n exhaustiva para prevenir futuros incidentes. Estamos comprometidos con la transparencia y proporcionaremos actualizaciones oportunas durante el proceso de resoluci\u00f3n. Terceros de quienes recibimos datos: Nuestras operaciones pueden implicar compartir datos con proveedores de servicios de terceros que nos ayudan en diversas funciones, incluyendo alojamiento web, an\u00e1lisis de datos, procesamiento de pagos y asistencia en marketing. Nos aseguramos de que estos terceros sean confiables y mantengan est\u00e1ndares de protecci\u00f3n de datos similares a los nuestros. Tambi\u00e9n les exigimos que utilicen los datos exclusivamente para los fines para los cuales han sido contratados. Toma de decisiones automatizada y elaboraci\u00f3n de perfiles: No utilizamos procesos automatizados de toma de decisiones, incluida la elaboraci\u00f3n de perfiles, que tengan un efecto legal o significativo sobre ti basados \u00fanicamente en tus datos personales sin intervenci\u00f3n humana. Si en el futuro implementamos tales procesos, los usuarios ser\u00e1n notificados y, cuando sea necesario, se obtendr\u00e1 su consentimiento. Requisitos de divulgaci\u00f3n regulatoria del sector: Como operador tur\u00edstico, cumplimos con las regulaciones locales e internacionales del sector de viajes, incluyendo leyes de protecci\u00f3n de datos como el GDPR para nuestros clientes europeos. Somos transparentes respecto a cualquier divulgaci\u00f3n regulatoria que debamos realizar, incluyendo informes a entidades gubernamentales y organizaciones del sector cuando sea requerido.<\/p>\n","protected":false},"author":1,"featured_media":0,"parent":0,"menu_order":0,"comment_status":"closed","ping_status":"closed","template":"","meta":{"_acf_changed":false,"site-sidebar-layout":"no-sidebar","site-content-layout":"page-builder","ast-site-content-layout":"full-width-container","site-content-style":"unboxed","site-sidebar-style":"unboxed","ast-global-header-display":"","ast-banner-title-visibility":"","ast-main-header-display":"","ast-hfb-above-header-display":"","ast-hfb-below-header-display":"","ast-hfb-mobile-header-display":"","site-post-title":"","ast-breadcrumbs-content":"","ast-featured-img":"disabled","footer-sml-layout":"","ast-disable-related-posts":"","theme-transparent-header-meta":"enabled","adv-header-id-meta":"","stick-header-meta":"","header-above-stick-meta":"","header-main-stick-meta":"","header-below-stick-meta":"","astra-migrate-meta-layouts":"set","ast-page-background-enabled":"default","ast-page-background-meta":{"desktop":{"background-color":"","background-image":"","background-repeat":"repeat","background-position":"center center","background-size":"auto","background-attachment":"scroll","background-type":"","background-media":"","overlay-type":"","overlay-color":"","overlay-opacity":"","overlay-gradient":""},"tablet":{"background-color":"","background-image":"","background-repeat":"repeat","background-position":"center center","background-size":"auto","background-attachment":"scroll","background-type":"","background-media":"","overlay-type":"","overlay-color":"","overlay-opacity":"","overlay-gradient":""},"mobile":{"background-color":"","background-image":"","background-repeat":"repeat","background-position":"center center","background-size":"auto","background-attachment":"scroll","background-type":"","background-media":"","overlay-type":"","overlay-color":"","overlay-opacity":"","overlay-gradient":""}},"ast-content-background-meta":{"desktop":{"background-color":"var(--ast-global-color-5)","background-image":"","background-repeat":"repeat","background-position":"center center","background-size":"auto","background-attachment":"scroll","background-type":"","background-media":"","overlay-type":"","overlay-color":"","overlay-opacity":"","overlay-gradient":""},"tablet":{"background-color":"var(--ast-global-color-5)","background-image":"","background-repeat":"repeat","background-position":"center center","background-size":"auto","background-attachment":"scroll","background-type":"","background-media":"","overlay-type":"","overlay-color":"","overlay-opacity":"","overlay-gradient":""},"mobile":{"background-color":"var(--ast-global-color-5)","background-image":"","background-repeat":"repeat","background-position":"center center","background-size":"auto","background-attachment":"scroll","background-type":"","background-media":"","overlay-type":"","overlay-color":"","overlay-opacity":"","overlay-gradient":""}},"_joinchat":[],"footnotes":""},"class_list":["post-4312","page","type-page","status-publish","hentry"],"acf":[],"_links":{"self":[{"href":"https:\/\/machupicchu.lat\/incapathperu\/wp-json\/wp\/v2\/pages\/4312","targetHints":{"allow":["GET"]}}],"collection":[{"href":"https:\/\/machupicchu.lat\/incapathperu\/wp-json\/wp\/v2\/pages"}],"about":[{"href":"https:\/\/machupicchu.lat\/incapathperu\/wp-json\/wp\/v2\/types\/page"}],"author":[{"embeddable":true,"href":"https:\/\/machupicchu.lat\/incapathperu\/wp-json\/wp\/v2\/users\/1"}],"replies":[{"embeddable":true,"href":"https:\/\/machupicchu.lat\/incapathperu\/wp-json\/wp\/v2\/comments?post=4312"}],"version-history":[{"count":7,"href":"https:\/\/machupicchu.lat\/incapathperu\/wp-json\/wp\/v2\/pages\/4312\/revisions"}],"predecessor-version":[{"id":4319,"href":"https:\/\/machupicchu.lat\/incapathperu\/wp-json\/wp\/v2\/pages\/4312\/revisions\/4319"}],"wp:attachment":[{"href":"https:\/\/machupicchu.lat\/incapathperu\/wp-json\/wp\/v2\/media?parent=4312"}],"curies":[{"name":"wp","href":"https:\/\/api.w.org\/{rel}","templated":true}]}}