{"id":4329,"date":"2026-04-04T19:13:00","date_gmt":"2026-04-04T17:13:00","guid":{"rendered":"https:\/\/machupicchu.lat\/incapathperu\/?page_id=4329"},"modified":"2026-04-04T19:17:15","modified_gmt":"2026-04-04T17:17:15","slug":"esnna-2","status":"publish","type":"page","link":"https:\/\/machupicchu.lat\/incapathperu\/es\/esnna-2\/","title":{"rendered":"ESNNA"},"content":{"rendered":"\t\t<div data-elementor-type=\"wp-post\" data-elementor-id=\"4329\" class=\"elementor elementor-4329\" data-elementor-post-type=\"page\">\n\t\t\t\t<div class=\"elementor-element elementor-element-a9f8649 e-flex e-con-boxed wpr-particle-no wpr-jarallax-no wpr-parallax-no wpr-sticky-section-no e-con e-parent\" data-id=\"a9f8649\" data-element_type=\"container\" data-e-type=\"container\">\n\t\t\t\t\t<div class=\"e-con-inner\">\n\t\t<div class=\"elementor-element elementor-element-5bf4b2a e-con-full e-flex wpr-particle-no wpr-jarallax-no wpr-parallax-no wpr-sticky-section-no e-con e-child\" data-id=\"5bf4b2a\" data-element_type=\"container\" data-e-type=\"container\">\n\t\t\t\t<div class=\"elementor-element elementor-element-3387f19 elementor-widget elementor-widget-heading\" data-id=\"3387f19\" data-element_type=\"widget\" data-e-type=\"widget\" data-widget_type=\"heading.default\">\n\t\t\t\t<div class=\"elementor-widget-container\">\n\t\t\t\t\t<h1 class=\"elementor-heading-title elementor-size-default\">ESNNA<\/h1>\t\t\t\t<\/div>\n\t\t\t\t<\/div>\n\t\t\t\t<div class=\"elementor-element elementor-element-62a6292 elementor-widget elementor-widget-text-editor\" data-id=\"62a6292\" data-element_type=\"widget\" data-e-type=\"widget\" data-widget_type=\"text-editor.default\">\n\t\t\t\t<div class=\"elementor-widget-container\">\n\t\t\t\t\t\t\t\t\t<p>En cumplimiento del Decreto Supremo n.\u00ba 005-2020-MINCETUR, por el que se aprueba el Reglamento de las agencias de viajes y turismo,<strong> INCA PATH PERU E.I.R.L.<\/strong> ha suscrito el C\u00f3digo de Conducta contra la Explotaci\u00f3n de Ni\u00f1os, Ni\u00f1as y Adolescentes (ESNNA). De esta manera, ratificamos nuestro c\u00f3digo de \u00e9tica organizacional y rechazamos, denunciamos y condenamos firmemente cualquier pr\u00e1ctica relacionada con el abuso y la explotaci\u00f3n sexual de menores en Per\u00fa y en el mundo.<\/p>\n<p><!-- \/wp:heading --><\/p>\t\t\t\t\t\t\t\t<\/div>\n\t\t\t\t<\/div>\n\t\t\t\t<div class=\"elementor-element elementor-element-75e7d00 elementor-widget elementor-widget-image\" data-id=\"75e7d00\" data-element_type=\"widget\" data-e-type=\"widget\" data-widget_type=\"image.default\">\n\t\t\t\t<div class=\"elementor-widget-container\">\n\t\t\t\t\t\t\t\t\t\t\t\t\t\t\t<img fetchpriority=\"high\" decoding=\"async\" width=\"706\" height=\"1024\" src=\"https:\/\/machupicchu.lat\/incapathperu\/wp-content\/uploads\/2026\/04\/AFICHE-ESNNA-AGENCIAS-1-706x1024-1.webp\" class=\"attachment-large size-large wp-image-4295\" alt=\"\" srcset=\"https:\/\/machupicchu.lat\/incapathperu\/wp-content\/uploads\/2026\/04\/AFICHE-ESNNA-AGENCIAS-1-706x1024-1.webp 706w, https:\/\/machupicchu.lat\/incapathperu\/wp-content\/uploads\/2026\/04\/AFICHE-ESNNA-AGENCIAS-1-706x1024-1-207x300.webp 207w\" sizes=\"(max-width: 706px) 100vw, 706px\" \/>\t\t\t\t\t\t\t\t\t\t\t\t\t\t\t<\/div>\n\t\t\t\t<\/div>\n\t\t\t\t<\/div>\n\t\t\t\t\t<\/div>\n\t\t\t\t<\/div>\n\t\t\t\t<\/div>\n\t\t","protected":false},"excerpt":{"rendered":"<p>En cumplimiento del Decreto Supremo n.\u00ba 005-2020-MINCETUR, por el que se aprueba el Reglamento de las agencias de viajes y turismo, INCA PATH PERU E.I.R.L. ha suscrito el C\u00f3digo de Conducta contra la Explotaci\u00f3n de Ni\u00f1os, Ni\u00f1as y Adolescentes (ESNNA). De esta manera, ratificamos nuestro c\u00f3digo de \u00e9tica organizacional y rechazamos, denunciamos y condenamos firmemente cualquier pr\u00e1ctica relacionada con el abuso y la explotaci\u00f3n sexual de menores en Per\u00fa y en el mundo.<\/p>\n","protected":false},"author":1,"featured_media":0,"parent":0,"menu_order":0,"comment_status":"closed","ping_status":"closed","template":"","meta":{"_acf_changed":false,"site-sidebar-layout":"no-sidebar","site-content-layout":"page-builder","ast-site-content-layout":"full-width-container","site-content-style":"unboxed","site-sidebar-style":"unboxed","ast-global-header-display":"","ast-banner-title-visibility":"","ast-main-header-display":"","ast-hfb-above-header-display":"","ast-hfb-below-header-display":"","ast-hfb-mobile-header-display":"","site-post-title":"","ast-breadcrumbs-content":"","ast-featured-img":"disabled","footer-sml-layout":"","ast-disable-related-posts":"","theme-transparent-header-meta":"enabled","adv-header-id-meta":"","stick-header-meta":"","header-above-stick-meta":"","header-main-stick-meta":"","header-below-stick-meta":"","astra-migrate-meta-layouts":"set","ast-page-background-enabled":"default","ast-page-background-meta":{"desktop":{"background-color":"","background-image":"","background-repeat":"repeat","background-position":"center center","background-size":"auto","background-attachment":"scroll","background-type":"","background-media":"","overlay-type":"","overlay-color":"","overlay-opacity":"","overlay-gradient":""},"tablet":{"background-color":"","background-image":"","background-repeat":"repeat","background-position":"center center","background-size":"auto","background-attachment":"scroll","background-type":"","background-media":"","overlay-type":"","overlay-color":"","overlay-opacity":"","overlay-gradient":""},"mobile":{"background-color":"","background-image":"","background-repeat":"repeat","background-position":"center center","background-size":"auto","background-attachment":"scroll","background-type":"","background-media":"","overlay-type":"","overlay-color":"","overlay-opacity":"","overlay-gradient":""}},"ast-content-background-meta":{"desktop":{"background-color":"var(--ast-global-color-5)","background-image":"","background-repeat":"repeat","background-position":"center center","background-size":"auto","background-attachment":"scroll","background-type":"","background-media":"","overlay-type":"","overlay-color":"","overlay-opacity":"","overlay-gradient":""},"tablet":{"background-color":"var(--ast-global-color-5)","background-image":"","background-repeat":"repeat","background-position":"center center","background-size":"auto","background-attachment":"scroll","background-type":"","background-media":"","overlay-type":"","overlay-color":"","overlay-opacity":"","overlay-gradient":""},"mobile":{"background-color":"var(--ast-global-color-5)","background-image":"","background-repeat":"repeat","background-position":"center center","background-size":"auto","background-attachment":"scroll","background-type":"","background-media":"","overlay-type":"","overlay-color":"","overlay-opacity":"","overlay-gradient":""}},"_joinchat":[],"footnotes":""},"class_list":["post-4329","page","type-page","status-publish","hentry"],"acf":[],"_links":{"self":[{"href":"https:\/\/machupicchu.lat\/incapathperu\/wp-json\/wp\/v2\/pages\/4329","targetHints":{"allow":["GET"]}}],"collection":[{"href":"https:\/\/machupicchu.lat\/incapathperu\/wp-json\/wp\/v2\/pages"}],"about":[{"href":"https:\/\/machupicchu.lat\/incapathperu\/wp-json\/wp\/v2\/types\/page"}],"author":[{"embeddable":true,"href":"https:\/\/machupicchu.lat\/incapathperu\/wp-json\/wp\/v2\/users\/1"}],"replies":[{"embeddable":true,"href":"https:\/\/machupicchu.lat\/incapathperu\/wp-json\/wp\/v2\/comments?post=4329"}],"version-history":[{"count":4,"href":"https:\/\/machupicchu.lat\/incapathperu\/wp-json\/wp\/v2\/pages\/4329\/revisions"}],"predecessor-version":[{"id":4333,"href":"https:\/\/machupicchu.lat\/incapathperu\/wp-json\/wp\/v2\/pages\/4329\/revisions\/4333"}],"wp:attachment":[{"href":"https:\/\/machupicchu.lat\/incapathperu\/wp-json\/wp\/v2\/media?parent=4329"}],"curies":[{"name":"wp","href":"https:\/\/api.w.org\/{rel}","templated":true}]}}