{"id":1119,"date":"2025-11-03T13:11:35","date_gmt":"2025-11-03T18:11:35","guid":{"rendered":"https:\/\/machupicchu.lat\/tamboadventure\/?page_id=1119"},"modified":"2025-11-03T13:22:02","modified_gmt":"2025-11-03T18:22:02","slug":"politica-de-proteccion-de-datos-personales","status":"publish","type":"page","link":"https:\/\/machupicchu.lat\/tamboadventure\/politica-de-proteccion-de-datos-personales\/","title":{"rendered":"Pol\u00edtica de protecci\u00f3n de datos personales"},"content":{"rendered":"\t\t<div data-elementor-type=\"wp-page\" data-elementor-id=\"1119\" class=\"elementor elementor-1119\" data-elementor-post-type=\"page\">\n\t\t\t\t<div class=\"elementor-element elementor-element-e050b26 e-flex e-con-boxed e-con e-parent\" data-id=\"e050b26\" data-element_type=\"container\" data-e-type=\"container\" data-settings=\"{&quot;background_background&quot;:&quot;classic&quot;}\">\n\t\t\t\t\t<div class=\"e-con-inner\">\n\t\t\t\t<div class=\"elementor-element elementor-element-df8dbe0 elementor-widget elementor-widget-heading\" data-id=\"df8dbe0\" data-element_type=\"widget\" data-e-type=\"widget\" data-widget_type=\"heading.default\">\n\t\t\t\t\t<h1 class=\"elementor-heading-title elementor-size-default\">Pol\u00edtica de protecci\u00f3n de datos personales<\/h1>\t\t\t\t<\/div>\n\t\t\t\t\t<\/div>\n\t\t\t\t<\/div>\n\t\t<div class=\"elementor-element elementor-element-32eb0a0 e-flex e-con-boxed e-con e-parent\" data-id=\"32eb0a0\" data-element_type=\"container\" data-e-type=\"container\">\n\t\t\t\t\t<div class=\"e-con-inner\">\n\t\t\t\t<div class=\"elementor-element elementor-element-7803cde elementor-widget elementor-widget-text-editor\" data-id=\"7803cde\" data-element_type=\"widget\" data-e-type=\"widget\" data-widget_type=\"text-editor.default\">\n\t\t\t\t\t\t\t\t\t<ol><li><strong>INTRODUCCI\u00d3N<\/strong><\/li><\/ol><ul><li><strong>Tambo Adventure Peru \u00a0<\/strong>es una empresa del sector turismo dedicada a la venta de servicios tur\u00edsticos a nivel nacional a trav\u00e9s de la intermediaci\u00f3n de servicios, que incluye: venta de boletos de transporte, traslados privados, servicios de hospedaje y alimentaci\u00f3n, paquetes tur\u00edsticos y d\u00edas completos ubicada en\u00a0<strong>Calle Saphy 848-A<\/strong> <strong>&#8211; Cusco &#8211; Per\u00fa<\/strong>, se obliga a cumplir con la legislaci\u00f3n peruana vigente en materia de protecci\u00f3n de datos personales, Ley N\u00b0 29733 de Protecci\u00f3n de Datos Personales y sus disposiciones complementarias.<\/li><li>Por tal motivo,<strong>Tambo Adventure Peru \u00a0<\/strong>\u00a0se compromete a:\u00a0\u2022 La recolecci\u00f3n y uso de informaci\u00f3n personal. \u2022 Velar por la calidad y seguridad de la informaci\u00f3n. \u2022 Respetar los derechos de las personas con respecto a la informaci\u00f3n sobre s\u00ed mismas.<\/li><li><strong>Tambo Adventure Peru \u00a0<\/strong>se compromete a la protecci\u00f3n, manejo y tratamiento adecuado de los datos personales a los que tenga acceso en el ejercicio habitual de sus negocios. Dicho compromiso incluye la revisi\u00f3n y mejora continua de los procesos de la organizaci\u00f3n a fin de garantizar la adecuada protecci\u00f3n de dichos datos personales y los lineamientos establecidos por\u00a0<strong>Tambo Adventure Peru \u00a0<\/strong>para la recolecci\u00f3n y tratamiento de datos personales a fin de asegurar el respeto de los derechos de sus titulares y cumplimiento del marco normativo vigente. La Pol\u00edtica podr\u00e1 ser complementada con procedimientos, normas y\/o lineamientos adicionales que desarrollen lo establecido en este documento, siempre que est\u00e9n alineados con sus principios rectores.\u00a0<\/li><\/ul><ol start=\"2\"><li><strong>OBJETIVO<\/strong><\/li><\/ol><ul><li>El presente documento tiene como objetivo establecer principios, pr\u00e1cticas y responsabilidades uniformes respecto al tratamiento de datos personales en los que se encuentra involucrada\u00a0<strong>Tambo Adventure Peru \u00a0.<\/strong><\/li><\/ul><ol start=\"3\"><li><strong>ALCANCE<\/strong><\/li><\/ol><ul><li>El presente documento es aplicable a todos los procesos de\u00a0<strong>Tambo Adventure Peru \u00a0<\/strong>que utilizar\u00e1n datos personales de los clientes destinados a ser contenidos en las diferentes bases de datos de\u00a0<strong>Tambo Adventure Peru \u00a0<\/strong>y su tratamiento.<\/li><li>La Pol\u00edtica ser\u00e1 de pleno conocimiento y cumplimiento por parte de todos los empleados de\u00a0<strong>Tambo Adventure Peru \u00a0<\/strong>y proveedores. A los efectos de la interpretaci\u00f3n de la presente Pol\u00edtica, son aplicables las definiciones contenidas en la Ley y, en especial, las que se incluyen a continuaci\u00f3n.<\/li><\/ul><ol start=\"4\"><li><strong>DEFINICIONES<\/strong><\/li><\/ol><ul><li>Datos personales: Toda informaci\u00f3n que identifique a una persona f\u00edsica o que pueda ser identificada por medios razonablemente utilizados. Por ejemplo, el DNI, direcci\u00f3n f\u00edsica, nombre completo. Datos sensibles: Datos personales conformados por datos biom\u00e9tricos que por s\u00ed mismos pueden identificar al titular; datos referentes al origen racial y \u00e9tnico; ingresos econ\u00f3micos, opiniones o convicciones pol\u00edticas, religiosas, filos\u00f3ficas o morales; Membres\u00eda de la uni\u00f3n; e informaci\u00f3n relacionada con la salud.<\/li><li>Tratamiento de datos personales: Cualquier operaci\u00f3n o procedimiento t\u00e9cnico, automatizado o no, que permita la recogida, registro, organizaci\u00f3n, almacenamiento, conservaci\u00f3n, elaboraci\u00f3n, modificaci\u00f3n, extracci\u00f3n, consulta, uso, bloqueo, supresi\u00f3n, comunicaci\u00f3n por transferencia o por difusi\u00f3n o cualquier otra forma de tratamiento que facilite el acceso, correlaci\u00f3n o interconexi\u00f3n de datos personales. En resumen, el tratamiento de datos personales regula todas las formas posibles de uso y tratamiento de datos personales dentro de la organizaci\u00f3n desde su ingreso hasta su eventual eliminaci\u00f3n o conservaci\u00f3n.<\/li><li>Consentimiento: Autorizaci\u00f3n previa, libre, inequ\u00edvoca y expresa que debe otorgar el interesado para autorizar el tratamiento de sus datos personales. \u2022 Anterior: Debe obtenerse antes de la recogida. \u2022 Gratuito: No debe ser forzado ni condicionado. \u2022 Inequ\u00edvoca y expresa: No debe existir duda sobre su manifestaci\u00f3n y debe constar en alg\u00fan medio tangible. \u2022 Banco de datos personales: Conjunto organizado de datos personales, automatizados o no, cualquiera que sea el soporte, ya sea f\u00edsico, magn\u00e9tico, digital, \u00f3ptico u otros en que se creen, cualquiera que sea la forma o modalidad de su creaci\u00f3n, formaci\u00f3n, almacenamiento, organizaci\u00f3n y acceso.<\/li><li>Titular del banco de datos personales: Persona natural, persona jur\u00eddica de derecho privado o entidad p\u00fablica que determina la finalidad y contenido del banco de datos personales, el tratamiento de estos y las medidas de seguridad. Responsable del banco de datos personales: Toda persona natural, jur\u00eddica de derecho privado o entidad p\u00fablica que por s\u00ed sola o actuando en conjunto con otra realice el tratamiento de datos personales por cuenta del titular del banco de datos personales. Procedimiento de anonimizaci\u00f3n: Tratamiento de datos personales que impide la identificaci\u00f3n o no identifica al titular de los datos personales. El procedimiento es irreversible. Procedimiento de disociaci\u00f3n: Tratamiento de datos personales que impide la identificaci\u00f3n o no identifica al titular de los datos personales.<\/li><\/ul><ol start=\"5\"><li><strong>RESPONSABLE DEL CUMPLIMIENTO<\/strong><\/li><\/ol><ul><li><strong>Tambo Adventure Peru \u00a0<\/strong>asignar\u00e1 y comunicar\u00e1 las responsabilidades correspondientes a todo el personal y proveedores, para el cumplimiento de la presente Pol\u00edtica.<\/li><li>El \u00e1rea responsable de revisar anualmente esta Pol\u00edtica y realizar los ajustes respectivos dentro de<strong>Tambo Adventure Peru \u00a0<\/strong>\u00a0ser\u00e1 la Gerencia General. Asimismo, dicha Gerencia estar\u00e1 a cargo de resolver cualquier duda relacionada con la aplicaci\u00f3n y alcance de esta Pol\u00edtica.<\/li><li>Sin perjuicio de ello, todos los empleados de\u00a0<strong>Tambo Adventure Peru \u00a0<\/strong>as\u00ed como todos los proveedores y terceros con los que\u00a0<strong>Tambo Adventure Peru \u00a0<\/strong>se vincule en el ejercicio habitual de sus negocios y tengan acceso o realicen tratamiento de datos personales est\u00e1n sujetos al cumplimiento de la Pol\u00edtica . Finalmente, ning\u00fan empleado de\u00a0<strong>Tambo Adventure Peru \u00a0<\/strong>deber\u00e1 actuar en nombre de la Compa\u00f1\u00eda. acciones u omisiones que impliquen infracci\u00f3n de la Ley.<\/li><\/ul><ol start=\"6\"><li><strong>CONFIDENCIALIDAD<\/strong><\/li><\/ol><ul><li>Esta Pol\u00edtica ser\u00e1 para uso interno y exclusivo de\u00a0<strong>Tambo Adventure Peru \u00a0<\/strong>y, por lo tanto, tiene car\u00e1cter confidencial. Cualquier uso distinto al indicado est\u00e1 prohibido y debe ser autorizado expresamente por escrito por la Gerencia General.<\/li><li>Los datos personales a los que tanto los trabajadores de\u00a0<strong>Tambo Adventure Peru \u00a0<\/strong>como terceros relacionados tengan acceso o participen en su tratamiento no podr\u00e1n ser tratados ni utilizados de ninguna forma sin el consentimiento previo del titular de los datos personales a\u00fan despu\u00e9s de su terminaci\u00f3n. de su relaci\u00f3n con\u00a0<strong>Tambo Adventure Peru \u00a0<\/strong>, salvo las excepciones reguladas en la Ley.<\/li><li>En el caso de trabajadores que por la naturaleza de sus funciones tengan acceso a informaci\u00f3n personal confidencial y sensible,<strong>Tambo Adventure Peru \u00a0<\/strong>procurar\u00e1 desarrollar acciones espec\u00edficas de formaci\u00f3n y sensibilizaci\u00f3n. Las personas involucradas en el tratamiento de datos personales est\u00e1n obligadas a guardar secreto profesional y guardar confidencialidad respecto de los mismos. Esta obligaci\u00f3n continuar\u00e1 incluso despu\u00e9s de la finalizaci\u00f3n de su relaci\u00f3n con\u00a0<strong>Tambo Adventure Peru \u00a0.<\/strong><\/li><\/ul><ol start=\"7\"><li><strong>PRINCIPIOS<\/strong><\/li><\/ol><p>Todos los empleados de\u00a0<strong>Tambo Adventure Peru \u00a0<\/strong>\u00a0deber\u00e1n cumplir permanentemente con los principios establecidos en la Ley que se detallan a continuaci\u00f3n:<\/p><ul><li>El tratamiento de datos personales que lleve a cabo\u00a0<strong>Tambo Adventure Peru \u00a0<\/strong>se har\u00e1 de conformidad con lo dispuesto en la Ley. Queda prohibida la recogida de datos personales por medios fraudulentos, desleales o ilegales.<\/li><li><strong>Tambo Adventure Peru \u00a0\u00a0<\/strong>no podr\u00e1 tratar datos personales que no cuenten con el consentimiento previo, expreso, inequ\u00edvoco y libre del titular seg\u00fan sea necesario, salvo las excepciones previstas en la ley.<\/li><li><strong>Tambo Adventure Peru \u00a0<\/strong>recabar\u00e1 los datos personales indicando claramente la finalidad para la que los recaba, la cual deber\u00e1 ser determinada, expl\u00edcita y l\u00edcita. Los datos personales objeto de tratamiento no podr\u00e1n ser utilizados para fines distintos o incompatibles con aquellos para los que fueron obtenidos, salvo consentimiento del titular. En este sentido,\u00a0<strong>Tambo Adventure Peru \u00a0<\/strong>cumplir\u00e1 con la implementaci\u00f3n de medidas que garanticen: \u2022 La recolecci\u00f3n, almacenamiento y conservaci\u00f3n de los datos personales cumplan con los principios de proporcionalidad y finalidad. \u2022 La adecuada protecci\u00f3n de los datos personales cumpliendo con las adecuadas medidas t\u00e9cnicas y legales de seguridad.\u00a0<\/li><li>Todo tratamiento de datos personales que realice\u00a0<strong>Tambo Adventure Peru \u00a0<\/strong>deber\u00e1 ser adecuado, pertinente y no excesivo para la finalidad para la que fueron recabados.<\/li><li>Los datos personales que ser\u00e1n tratados por\u00a0<strong>Tambo Adventure Peru \u00a0<\/strong>deber\u00e1n ser veraces, exactos y, en la medida de lo posible, actualizados, necesarios, pertinentes y adecuados respecto de la finalidad para la que fueron recabados. Deber\u00e1n ser conservados de forma que se garantice su seguridad y \u00fanicamente durante el tiempo necesario para cumplir con la finalidad del tratamiento, respetando los plazos legales de conservaci\u00f3n de los documentos e informaci\u00f3n aplicables.<\/li><li><strong>Tambo Adventure Peru \u00a0\u00a0<\/strong>y los terceros a los que \u00e9sta les encomiende el tratamiento de datos personales deber\u00e1n adoptar las medidas de \u00edndole t\u00e9cnica, organizativa y legales necesarias y adecuadas para garantizar la seguridad de los datos personales frente a diferentes riesgos, como la p\u00e9rdida accidental o la destrucci\u00f3n por acceso no autorizado no autorizado. , uso encubierto o la infecci\u00f3n de malware o virus inform\u00e1ticos. Estas medidas ser\u00e1n establecidas, comunicadas y, en su caso, actualizadas por\u00a0<strong>Tambo Adventure Peru \u00a0.<\/strong><\/li><li>Nivel adecuado de protecci\u00f3n. En caso de que\u00a0<strong>Tambo Adventure Peru \u00a0<\/strong>realice transferencias internacionales de datos personales, deber\u00e1 garantizar un nivel de protecci\u00f3n suficiente para los datos personales que vaya a tratar o, al menos, equiparable a lo dispuesto en la Ley.<\/li><li>Derechos de los titulares de datos personales.\u00a0<strong>Tambo Adventure Peru \u00a0<\/strong>contar\u00e1 con un procedimiento sencillo y gratuito para atender los derechos de los titulares de datos personales contemplados en la Ley: (i) informaci\u00f3n, (ii) acceso, (iii) actualizaci\u00f3n, (iv) inclusi\u00f3n, (v) rectificaci\u00f3n, (vi) supresi\u00f3n, (vii) impedir el suministro, (viii) oposici\u00f3n y (ix) tratamiento objetivo.<\/li><\/ul><p>Por lo tanto\u00a0<strong>Tambo Adventure Peru \u00a0:<\/strong>\u00a0\u2022 Adoptar\u00e1 las medidas necesarias para informar al titular de los datos personales sobre los derechos que le confiere la Ley. \u2022 Adoptar\u00e1 las medidas que permitan al titular de los datos personales mantenerlos actualizados. \u2022 Cumplir\u00e1 con responder en tiempo y forma y en los t\u00e9rminos de la ley, los requerimientos y solicitudes relacionados con los derechos de los referidos titulares de datos personales; En los procesos de atenci\u00f3n a los derechos de los titulares de datos personales, se aplicar\u00e1n los siguientes lineamientos. \u2022 No proceder\u00e1 la supresi\u00f3n o rectificaci\u00f3n de los datos personales cuando se afecten derechos o intereses leg\u00edtimos de<strong>\u00a0Tambo Adventure Peru \u00a0<\/strong>, de sus accionistas, empleados o directivos o de terceros o cuando exista una obligaci\u00f3n legal de conservar los datos personales. \u2022\u00a0<strong>Tambo Adventure Peru \u00a0<\/strong>\u00a0podr\u00e1 rechazar ciertos requisitos cuando la divulgaci\u00f3n de datos personales pueda comprometer o entorpecer acciones judiciales o administrativas en curso.<\/p><ol start=\"8\"><li><strong>TRANSFERENCIA DE DATOS PERSONALES<\/strong><\/li><\/ol><ul><li>Los datos personales objeto de tratamiento por parte de\u00a0<strong>Tambo Adventure Peru \u00a0<\/strong>s\u00f3lo podr\u00e1n ser cedidos o transferidos a terceros para el cumplimiento de las finalidades relacionadas con el inter\u00e9s leg\u00edtimo del cedente y del cesionario y con el consentimiento previo, expreso, libre, inequ\u00edvoco e informado. del titular de los datos personales. Dicho consentimiento no ser\u00e1 necesario en los casos permitidos por la ley.<\/li><\/ul><ol start=\"9\"><li><strong>COLECCI\u00d3N DE DATOS SENSIBLES<\/strong><\/li><\/ol><ul><li>Informar\u00e1 al titular del dato de esta situaci\u00f3n con car\u00e1cter previo a su recolecci\u00f3n. Solo recabar\u00e1 datos personales y\/o datos sensibles cuando sea estrictamente necesario y en cumplimiento de los principios de finalidad y proporcionalidad. Cuando la recogida y tratamiento de dichos datos derive del cumplimiento de una obligaci\u00f3n legal,\u00a0<strong>Tambo Adventure Peru \u00a0<\/strong>informar\u00e1 al titular de los datos de esta situaci\u00f3n con car\u00e1cter previo a su recogida.<\/li><\/ul><ol start=\"10\"><li><strong>DIVULGACI\u00d3N DE DATOS PERSONALES<\/strong><\/li><\/ol><p>\u00a0 \u00a0 \u00a0\u00a0<strong>\u00a0\u00a0Tambo Adventure Peru \u00a0<\/strong>\u00a0no divulgar\u00e1 los datos personales a terceros excepto cuando:<\/p><ul><li>a)\u00a0Sea necesario para la finalidad para la cual fueron recabados; como en la prestaci\u00f3n de servicios a trav\u00e9s de terceros y proveedores<\/li><li>b)\u00a0El titular de los datos personales es informado antes de la divulgaci\u00f3n o en el momento de la recogida de los datos personales.<\/li><li>c) El titular de los datos personales otorga su previo y expreso consentimiento.<\/li><li>d) El consentimiento no es requerido por ley.<\/li><li>e) Los datos personales son requeridos por las entidades p\u00fablicas en el \u00e1mbito de sus facultades y atribuciones legales.<\/li><li>f) Los datos personales son necesarios para satisfacer requerimientos leg\u00edtimos de una empresa interesada en adquirir alguna de las operaciones de<strong>Tambo Adventure Peru \u00a0<\/strong>, previo consentimiento del titular; o,<\/li><li>g) El acceso a los datos personales es por parte de auditores y abogados y otros profesionales obligados a guardar secreto profesional.<\/li><\/ul><ol start=\"11\"><li><strong>ELIMINACI\u00d3N DE DATOS PERSONALES<\/strong><\/li><\/ol><ul><li>Una vez finalizado el tratamiento de los datos personales y cumplido el principio de finalidad, y siempre que no exista mandato legal o motivo que justifique la conservaci\u00f3n de los datos personales,\u00a0<strong>Tambo Adventure Peru \u00a0<\/strong>proceder\u00e1 a su eliminaci\u00f3n de sus registros. Alternativamente,\u00a0<strong>Tambo Adventure Peru \u00a0<\/strong>podr\u00e1 aplicar procesos de disociaci\u00f3n, o equivalentes, cuando por alguna raz\u00f3n comercial, estad\u00edstica o de an\u00e1lisis de mercado justifique la conveniencia de conservar dichos datos.\u00a0<strong>Tambo Adventure Peru \u00a0<\/strong>definir\u00e1 oportunamente los respectivos procedimientos que sean necesarios para la eliminaci\u00f3n de los datos personales.<\/li><\/ul><ol start=\"12\"><li><strong>LISTA DE SANCIONES<\/strong><\/li><\/ol><ul><li>El empleado que cometa una infracci\u00f3n a lo establecido en esta Pol\u00edtica ser\u00e1 considerado como falta grave y sancionable.\u00a0<strong>Tambo Adventure Peru \u00a0<\/strong>tomar\u00e1 las medidas disciplinarias que estime pertinentes en los casos de incumplimiento de las obligaciones aqu\u00ed estipuladas por parte de los empleados.<\/li><\/ul><ol start=\"13\"><li><strong>DIFUSI\u00d3N Y CUMPLIMIENTO DE LA POL\u00cdTICA<\/strong><\/li><\/ol><p><strong>\u00a0 \u00a0 \u00a0 \u00a0 \u00a0\u00a0Tambo Adventure Peru \u00a0<\/strong>\u00a0se esforzar\u00e1 por:<\/p><ul><li>i) Cumplir con las disposiciones de esta Pol\u00edtica;<\/li><li>ii) Dar a conocer, observar y respetar esta Pol\u00edtica para cada empleado;<\/li><li>iii)\u00a0Publicar esta Pol\u00edtica en lugares de f\u00e1cil acceso; y<\/li><li>iv) Suscribir obligaciones de confidencialidad con los empleados, usuarios, contratistas y terceros que accedan a los datos personales incluidos en los bancos de datos.<\/li><\/ul>\t\t\t\t\t\t\t\t<\/div>\n\t\t\t\t\t<\/div>\n\t\t\t\t<\/div>\n\t\t\t\t<\/div>\n\t\t","protected":false},"excerpt":{"rendered":"<p>Pol\u00edtica de protecci\u00f3n de datos personales INTRODUCCI\u00d3N Tambo Adventure Peru \u00a0es una empresa del sector turismo dedicada a la venta [&hellip;]<\/p>\n","protected":false},"author":1,"featured_media":0,"parent":0,"menu_order":0,"comment_status":"closed","ping_status":"closed","template":"elementor_header_footer","meta":{"_acf_changed":false,"site-sidebar-layout":"no-sidebar","site-content-layout":"","ast-site-content-layout":"full-width-container","site-content-style":"default","site-sidebar-style":"default","ast-global-header-display":"","ast-banner-title-visibility":"","ast-main-header-display":"","ast-hfb-above-header-display":"","ast-hfb-below-header-display":"","ast-hfb-mobile-header-display":"","site-post-title":"","ast-breadcrumbs-content":"","ast-featured-img":"disabled","footer-sml-layout":"","ast-disable-related-posts":"","theme-transparent-header-meta":"","adv-header-id-meta":"","stick-header-meta":"","header-above-stick-meta":"","header-main-stick-meta":"","header-below-stick-meta":"","astra-migrate-meta-layouts":"default","ast-page-background-enabled":"default","ast-page-background-meta":{"desktop":{"background-color":"var(--ast-global-color-5)","background-image":"","background-repeat":"repeat","background-position":"center center","background-size":"auto","background-attachment":"scroll","background-type":"","background-media":"","overlay-type":"","overlay-color":"","overlay-opacity":"","overlay-gradient":""},"tablet":{"background-color":"","background-image":"","background-repeat":"repeat","background-position":"center center","background-size":"auto","background-attachment":"scroll","background-type":"","background-media":"","overlay-type":"","overlay-color":"","overlay-opacity":"","overlay-gradient":""},"mobile":{"background-color":"","background-image":"","background-repeat":"repeat","background-position":"center center","background-size":"auto","background-attachment":"scroll","background-type":"","background-media":"","overlay-type":"","overlay-color":"","overlay-opacity":"","overlay-gradient":""}},"ast-content-background-meta":{"desktop":{"background-color":"var(--ast-global-color-4)","background-image":"","background-repeat":"repeat","background-position":"center center","background-size":"auto","background-attachment":"scroll","background-type":"","background-media":"","overlay-type":"","overlay-color":"","overlay-opacity":"","overlay-gradient":""},"tablet":{"background-color":"var(--ast-global-color-4)","background-image":"","background-repeat":"repeat","background-position":"center center","background-size":"auto","background-attachment":"scroll","background-type":"","background-media":"","overlay-type":"","overlay-color":"","overlay-opacity":"","overlay-gradient":""},"mobile":{"background-color":"var(--ast-global-color-4)","background-image":"","background-repeat":"repeat","background-position":"center center","background-size":"auto","background-attachment":"scroll","background-type":"","background-media":"","overlay-type":"","overlay-color":"","overlay-opacity":"","overlay-gradient":""}},"footnotes":""},"class_list":["post-1119","page","type-page","status-publish","hentry"],"acf":[],"_links":{"self":[{"href":"https:\/\/machupicchu.lat\/tamboadventure\/wp-json\/wp\/v2\/pages\/1119","targetHints":{"allow":["GET"]}}],"collection":[{"href":"https:\/\/machupicchu.lat\/tamboadventure\/wp-json\/wp\/v2\/pages"}],"about":[{"href":"https:\/\/machupicchu.lat\/tamboadventure\/wp-json\/wp\/v2\/types\/page"}],"author":[{"embeddable":true,"href":"https:\/\/machupicchu.lat\/tamboadventure\/wp-json\/wp\/v2\/users\/1"}],"replies":[{"embeddable":true,"href":"https:\/\/machupicchu.lat\/tamboadventure\/wp-json\/wp\/v2\/comments?post=1119"}],"version-history":[{"count":10,"href":"https:\/\/machupicchu.lat\/tamboadventure\/wp-json\/wp\/v2\/pages\/1119\/revisions"}],"predecessor-version":[{"id":1140,"href":"https:\/\/machupicchu.lat\/tamboadventure\/wp-json\/wp\/v2\/pages\/1119\/revisions\/1140"}],"wp:attachment":[{"href":"https:\/\/machupicchu.lat\/tamboadventure\/wp-json\/wp\/v2\/media?parent=1119"}],"curies":[{"name":"wp","href":"https:\/\/api.w.org\/{rel}","templated":true}]}}