{"id":1262,"date":"2025-11-06T13:23:04","date_gmt":"2025-11-06T18:23:04","guid":{"rendered":"https:\/\/machupicchu.lat\/tamboadventure\/?page_id=1262"},"modified":"2025-11-06T13:27:58","modified_gmt":"2025-11-06T18:27:58","slug":"tours-en-peru","status":"publish","type":"page","link":"https:\/\/machupicchu.lat\/tamboadventure\/tours-en-peru\/","title":{"rendered":"Tours en Per\u00fa"},"content":{"rendered":"\t\t<div data-elementor-type=\"wp-page\" data-elementor-id=\"1262\" class=\"elementor elementor-1262\" data-elementor-post-type=\"page\">\n\t\t\t\t<div class=\"elementor-element elementor-element-69cb327 e-flex e-con-boxed e-con e-parent\" data-id=\"69cb327\" data-element_type=\"container\" data-e-type=\"container\" data-settings=\"{&quot;background_background&quot;:&quot;classic&quot;}\">\n\t\t\t\t\t<div class=\"e-con-inner\">\n\t\t\t\t<div class=\"elementor-element elementor-element-fae1621 elementor-widget elementor-widget-heading\" data-id=\"fae1621\" data-element_type=\"widget\" data-e-type=\"widget\" data-widget_type=\"heading.default\">\n\t\t\t\t\t<h1 class=\"elementor-heading-title elementor-size-default\">Tours en Per\u00fa<\/h1>\t\t\t\t<\/div>\n\t\t\t\t<div class=\"elementor-element elementor-element-05bf623 elementor-widget elementor-widget-text-editor\" data-id=\"05bf623\" data-element_type=\"widget\" data-e-type=\"widget\" data-widget_type=\"text-editor.default\">\n\t\t\t\t\t\t\t\t\t<p>Explora los destinos m\u00e1s fascinantes del Per\u00fa a trav\u00e9s de experiencias \u00fanicas. Desde las costas ba\u00f1adas por el Pac\u00edfico hasta los paisajes del sur, cada tour combina historia, cultura y aventura. Vive el Per\u00fa aut\u00e9ntico con recorridos dise\u00f1ados para todo tipo de viajero.<\/p>\t\t\t\t\t\t\t\t<\/div>\n\t\t\t\t\t<\/div>\n\t\t\t\t<\/div>\n\t\t<div class=\"elementor-element elementor-element-92befbf e-flex e-con-boxed e-con e-parent\" data-id=\"92befbf\" data-element_type=\"container\" data-e-type=\"container\" data-settings=\"{&quot;background_background&quot;:&quot;classic&quot;}\">\n\t\t\t\t\t<div class=\"e-con-inner\">\n\t\t<div class=\"elementor-element elementor-element-4126c57 elementor-widget-wrap e-flex e-con-boxed e-con e-child\" data-id=\"4126c57\" data-element_type=\"container\" data-e-type=\"container\">\n\t\t\t\t\t<div class=\"e-con-inner\">\n\t\t\t\t<div class=\"elementor-element elementor-element-cfefb83 elementor-grid-eael-col-3 elementor-grid-tablet-eael-col-2 elementor-grid-mobile-eael-col-1 elementor-widget elementor-widget-eael-post-grid\" data-id=\"cfefb83\" data-element_type=\"widget\" data-e-type=\"widget\" data-settings=\"{&quot;eael_post_grid_columns&quot;:&quot;eael-col-3&quot;,&quot;eael_post_grid_columns_tablet&quot;:&quot;eael-col-2&quot;,&quot;eael_post_grid_columns_mobile&quot;:&quot;eael-col-1&quot;}\" data-widget_type=\"eael-post-grid.default\">\n\t\t\t\t\t<div id=\"eael-post-grid-cfefb83\" class=\"eael-post-grid-container\">\n            <div class=\"eael-post-grid eael-post-appender eael-post-appender-cfefb83 eael-post-grid-style-one\" data-layout-mode=\"masonry\"><article class=\"eael-grid-post  eael-post-grid-column eael-pg-post-712 category-tours-en-peru\" data-id=\"712\">\n        <div class=\"eael-grid-post-holder\">\n            <div class=\"eael-grid-post-holder-inner\"><div class=\"eael-entry-media\"><div class=\"eael-entry-overlay fade-in\"><i class=\"fas fa-long-arrow-alt-right\" aria-hidden=\"true\"><\/i><a href=\"https:\/\/machupicchu.lat\/tamboadventure\/tour\/tour-paracas-ica-lineas-de-nazca-2d-1n\/\"><\/a><\/div><div class=\"eael-entry-thumbnail eael-image-ratio\">\n                <img fetchpriority=\"high\" decoding=\"async\" width=\"1545\" height=\"1155\" src=\"https:\/\/machupicchu.lat\/tamboadventure\/wp-content\/uploads\/2025\/10\/ica-paracas-7.webp\" class=\"attachment-full size-full wp-image-1290\" alt=\"\" srcset=\"https:\/\/machupicchu.lat\/tamboadventure\/wp-content\/uploads\/2025\/10\/ica-paracas-7.webp 1545w, https:\/\/machupicchu.lat\/tamboadventure\/wp-content\/uploads\/2025\/10\/ica-paracas-7-300x224.webp 300w, https:\/\/machupicchu.lat\/tamboadventure\/wp-content\/uploads\/2025\/10\/ica-paracas-7-1024x766.webp 1024w, https:\/\/machupicchu.lat\/tamboadventure\/wp-content\/uploads\/2025\/10\/ica-paracas-7-768x574.webp 768w, https:\/\/machupicchu.lat\/tamboadventure\/wp-content\/uploads\/2025\/10\/ica-paracas-7-1536x1148.webp 1536w\" sizes=\"(max-width: 1545px) 100vw, 1545px\" \/>\n            <\/div>\n        <\/div><div class=\"eael-entry-wrapper\"><header class=\"eael-entry-header\"><h2 class=\"eael-entry-title\"><a class=\"eael-grid-post-link\" href=\"https:\/\/machupicchu.lat\/tamboadventure\/tour\/tour-paracas-ica-lineas-de-nazca-2d-1n\/\" title=\"Tour Paracas Ica + Lineas De Nazca (2D\/1N)\">Tour Paracas Ica + Lineas De Nazca (2D\/1N)<\/a><\/h2><\/header><div class=\"eael-entry-content\">\n                        <div class=\"eael-grid-post-excerpt\"><a href=\"https:\/\/machupicchu.lat\/tamboadventure\/tour\/tour-paracas-ica-lineas-de-nazca-2d-1n\/\" class=\"eael-post-elements-readmore-btn\">VER M\u00c1S &gt;&gt;<\/a><\/div>\n                    <\/div><\/div><\/div>\n        <\/div>\n    <\/article><article class=\"eael-grid-post  eael-post-grid-column eael-pg-post-704 category-tours-en-peru\" data-id=\"704\">\n        <div class=\"eael-grid-post-holder\">\n            <div class=\"eael-grid-post-holder-inner\"><div class=\"eael-entry-media\"><div class=\"eael-entry-overlay fade-in\"><i class=\"fas fa-long-arrow-alt-right\" aria-hidden=\"true\"><\/i><a href=\"https:\/\/machupicchu.lat\/tamboadventure\/tour\/paracas-ica-full-day\/\"><\/a><\/div><div class=\"eael-entry-thumbnail eael-image-ratio\">\n                <img decoding=\"async\" width=\"1545\" height=\"1155\" src=\"https:\/\/machupicchu.lat\/tamboadventure\/wp-content\/uploads\/2025\/10\/ica-paracas-16.webp\" class=\"attachment-full size-full wp-image-1284\" alt=\"\" srcset=\"https:\/\/machupicchu.lat\/tamboadventure\/wp-content\/uploads\/2025\/10\/ica-paracas-16.webp 1545w, https:\/\/machupicchu.lat\/tamboadventure\/wp-content\/uploads\/2025\/10\/ica-paracas-16-300x224.webp 300w, https:\/\/machupicchu.lat\/tamboadventure\/wp-content\/uploads\/2025\/10\/ica-paracas-16-1024x766.webp 1024w, https:\/\/machupicchu.lat\/tamboadventure\/wp-content\/uploads\/2025\/10\/ica-paracas-16-768x574.webp 768w, https:\/\/machupicchu.lat\/tamboadventure\/wp-content\/uploads\/2025\/10\/ica-paracas-16-1536x1148.webp 1536w\" sizes=\"(max-width: 1545px) 100vw, 1545px\" \/>\n            <\/div>\n        <\/div><div class=\"eael-entry-wrapper\"><header class=\"eael-entry-header\"><h2 class=\"eael-entry-title\"><a class=\"eael-grid-post-link\" href=\"https:\/\/machupicchu.lat\/tamboadventure\/tour\/paracas-ica-full-day\/\" title=\"Paracas Ica Full Day\">Paracas Ica Full Day<\/a><\/h2><\/header><div class=\"eael-entry-content\">\n                        <div class=\"eael-grid-post-excerpt\"><a href=\"https:\/\/machupicchu.lat\/tamboadventure\/tour\/paracas-ica-full-day\/\" class=\"eael-post-elements-readmore-btn\">VER M\u00c1S &gt;&gt;<\/a><\/div>\n                    <\/div><\/div><\/div>\n        <\/div>\n    <\/article><article class=\"eael-grid-post  eael-post-grid-column eael-pg-post-697 category-tours-en-peru\" data-id=\"697\">\n        <div class=\"eael-grid-post-holder\">\n            <div class=\"eael-grid-post-holder-inner\"><div class=\"eael-entry-media\"><div class=\"eael-entry-overlay fade-in\"><i class=\"fas fa-long-arrow-alt-right\" aria-hidden=\"true\"><\/i><a href=\"https:\/\/machupicchu.lat\/tamboadventure\/tour\/city-tour-lima\/\"><\/a><\/div><div class=\"eael-entry-thumbnail eael-image-ratio\">\n                <img decoding=\"async\" width=\"879\" height=\"920\" src=\"https:\/\/machupicchu.lat\/tamboadventure\/wp-content\/uploads\/2025\/10\/lima-1-1.webp\" class=\"attachment-full size-full wp-image-1261\" alt=\"\" srcset=\"https:\/\/machupicchu.lat\/tamboadventure\/wp-content\/uploads\/2025\/10\/lima-1-1.webp 879w, https:\/\/machupicchu.lat\/tamboadventure\/wp-content\/uploads\/2025\/10\/lima-1-1-287x300.webp 287w, https:\/\/machupicchu.lat\/tamboadventure\/wp-content\/uploads\/2025\/10\/lima-1-1-768x804.webp 768w\" sizes=\"(max-width: 879px) 100vw, 879px\" \/>\n            <\/div>\n        <\/div><div class=\"eael-entry-wrapper\"><header class=\"eael-entry-header\"><h2 class=\"eael-entry-title\"><a class=\"eael-grid-post-link\" href=\"https:\/\/machupicchu.lat\/tamboadventure\/tour\/city-tour-lima\/\" title=\"City Tour Lima\">City Tour Lima<\/a><\/h2><\/header><div class=\"eael-entry-content\">\n                        <div class=\"eael-grid-post-excerpt\"><a href=\"https:\/\/machupicchu.lat\/tamboadventure\/tour\/city-tour-lima\/\" class=\"eael-post-elements-readmore-btn\">VER M\u00c1S &gt;&gt;<\/a><\/div>\n                    <\/div><\/div><\/div>\n        <\/div>\n    <\/article><\/div>\n            <div class=\"clearfix\"><\/div>\n        <\/div>\t\t\t\t<\/div>\n\t\t\t\t\t<\/div>\n\t\t\t\t<\/div>\n\t\t\t\t\t<\/div>\n\t\t\t\t<\/div>\n\t\t\t\t<\/div>\n\t\t","protected":false},"excerpt":{"rendered":"<p>Tours en Per\u00fa Explora los destinos m\u00e1s fascinantes del Per\u00fa a trav\u00e9s de experiencias \u00fanicas. Desde las costas ba\u00f1adas por [&hellip;]<\/p>\n","protected":false},"author":1,"featured_media":0,"parent":0,"menu_order":0,"comment_status":"closed","ping_status":"closed","template":"elementor_header_footer","meta":{"_acf_changed":false,"site-sidebar-layout":"no-sidebar","site-content-layout":"","ast-site-content-layout":"full-width-container","site-content-style":"default","site-sidebar-style":"default","ast-global-header-display":"","ast-banner-title-visibility":"","ast-main-header-display":"","ast-hfb-above-header-display":"","ast-hfb-below-header-display":"","ast-hfb-mobile-header-display":"","site-post-title":"","ast-breadcrumbs-content":"","ast-featured-img":"disabled","footer-sml-layout":"","ast-disable-related-posts":"","theme-transparent-header-meta":"","adv-header-id-meta":"","stick-header-meta":"","header-above-stick-meta":"","header-main-stick-meta":"","header-below-stick-meta":"","astra-migrate-meta-layouts":"default","ast-page-background-enabled":"default","ast-page-background-meta":{"desktop":{"background-color":"var(--ast-global-color-5)","background-image":"","background-repeat":"repeat","background-position":"center center","background-size":"auto","background-attachment":"scroll","background-type":"","background-media":"","overlay-type":"","overlay-color":"","overlay-opacity":"","overlay-gradient":""},"tablet":{"background-color":"","background-image":"","background-repeat":"repeat","background-position":"center center","background-size":"auto","background-attachment":"scroll","background-type":"","background-media":"","overlay-type":"","overlay-color":"","overlay-opacity":"","overlay-gradient":""},"mobile":{"background-color":"","background-image":"","background-repeat":"repeat","background-position":"center center","background-size":"auto","background-attachment":"scroll","background-type":"","background-media":"","overlay-type":"","overlay-color":"","overlay-opacity":"","overlay-gradient":""}},"ast-content-background-meta":{"desktop":{"background-color":"var(--ast-global-color-4)","background-image":"","background-repeat":"repeat","background-position":"center center","background-size":"auto","background-attachment":"scroll","background-type":"","background-media":"","overlay-type":"","overlay-color":"","overlay-opacity":"","overlay-gradient":""},"tablet":{"background-color":"var(--ast-global-color-4)","background-image":"","background-repeat":"repeat","background-position":"center center","background-size":"auto","background-attachment":"scroll","background-type":"","background-media":"","overlay-type":"","overlay-color":"","overlay-opacity":"","overlay-gradient":""},"mobile":{"background-color":"var(--ast-global-color-4)","background-image":"","background-repeat":"repeat","background-position":"center center","background-size":"auto","background-attachment":"scroll","background-type":"","background-media":"","overlay-type":"","overlay-color":"","overlay-opacity":"","overlay-gradient":""}},"footnotes":""},"class_list":["post-1262","page","type-page","status-publish","hentry"],"acf":[],"_links":{"self":[{"href":"https:\/\/machupicchu.lat\/tamboadventure\/wp-json\/wp\/v2\/pages\/1262","targetHints":{"allow":["GET"]}}],"collection":[{"href":"https:\/\/machupicchu.lat\/tamboadventure\/wp-json\/wp\/v2\/pages"}],"about":[{"href":"https:\/\/machupicchu.lat\/tamboadventure\/wp-json\/wp\/v2\/types\/page"}],"author":[{"embeddable":true,"href":"https:\/\/machupicchu.lat\/tamboadventure\/wp-json\/wp\/v2\/users\/1"}],"replies":[{"embeddable":true,"href":"https:\/\/machupicchu.lat\/tamboadventure\/wp-json\/wp\/v2\/comments?post=1262"}],"version-history":[{"count":14,"href":"https:\/\/machupicchu.lat\/tamboadventure\/wp-json\/wp\/v2\/pages\/1262\/revisions"}],"predecessor-version":[{"id":1277,"href":"https:\/\/machupicchu.lat\/tamboadventure\/wp-json\/wp\/v2\/pages\/1262\/revisions\/1277"}],"wp:attachment":[{"href":"https:\/\/machupicchu.lat\/tamboadventure\/wp-json\/wp\/v2\/media?parent=1262"}],"curies":[{"name":"wp","href":"https:\/\/api.w.org\/{rel}","templated":true}]}}